{"id":252,"date":"2025-07-27T13:51:59","date_gmt":"2025-07-27T13:51:59","guid":{"rendered":"https:\/\/fefig.org.br\/culturando\/?page_id=252"},"modified":"2025-10-10T16:19:14","modified_gmt":"2025-10-10T16:19:14","slug":"doe","status":"publish","type":"page","link":"https:\/\/fefig.org.br\/culturando\/doe\/","title":{"rendered":"Doe"},"content":{"rendered":"\t\t<div data-elementor-type=\"wp-page\" data-elementor-id=\"252\" class=\"elementor elementor-252\" data-elementor-post-type=\"page\">\n\t\t\t\t<div class=\"elementor-element elementor-element-626a9bd8 e-flex e-con-boxed e-con e-parent\" data-id=\"626a9bd8\" data-element_type=\"container\" data-settings=\"{&quot;background_background&quot;:&quot;video&quot;,&quot;background_play_on_mobile&quot;:&quot;yes&quot;,&quot;background_privacy_mode&quot;:&quot;yes&quot;,&quot;jet_parallax_layout_list&quot;:[]}\">\n\t\t\t\t\t<div class=\"e-con-inner\">\n\t\t\t\t<div class=\"elementor-element elementor-element-79ed1877 elementor-widget elementor-widget-heading\" data-id=\"79ed1877\" data-element_type=\"widget\" data-widget_type=\"heading.default\">\n\t\t\t\t\t<h1 class=\"elementor-heading-title elementor-size-default\">Como participar<\/h1>\t\t\t\t<\/div>\n\t\t\t\t\t<\/div>\n\t\t\t\t<\/div>\n\t\t\t\t<section class=\"elementor-section elementor-top-section elementor-element elementor-element-3f8b2376 elementor-section-boxed elementor-section-height-default elementor-section-height-default\" data-id=\"3f8b2376\" data-element_type=\"section\" data-settings=\"{&quot;jet_parallax_layout_list&quot;:[]}\">\n\t\t\t\t\t\t<div class=\"elementor-container elementor-column-gap-default\">\n\t\t\t\t\t<div class=\"elementor-column elementor-col-33 elementor-top-column elementor-element elementor-element-74a04d28\" data-id=\"74a04d28\" data-element_type=\"column\">\n\t\t\t<div class=\"elementor-widget-wrap elementor-element-populated\">\n\t\t\t\t\t\t<div class=\"elementor-element elementor-element-3fd6ca05 elementor-widget elementor-widget-heading\" data-id=\"3fd6ca05\" data-element_type=\"widget\" data-widget_type=\"heading.default\">\n\t\t\t\t\t<h2 class=\"elementor-heading-title elementor-size-default\">Como doar ou patrocinar o projeto<\/h2>\t\t\t\t<\/div>\n\t\t\t\t<div class=\"elementor-element elementor-element-71745cfa elementor-widget elementor-widget-text-editor\" data-id=\"71745cfa\" data-element_type=\"widget\" data-widget_type=\"text-editor.default\">\n\t\t\t\t\t\t\t\t\t<p data-start=\"168\" data-end=\"299\">Voc\u00ea pode colaborar com a Fefig de diversas maneiras. O primeiro passo \u00e9 simples: entre em contato conosco atrav\u00e9s do formul\u00e1rio.<\/p><p data-start=\"301\" data-end=\"431\">Seu apoio nos permite ampliar iniciativas que realmente funcionam e preparar essas solu\u00e7\u00f5es para se tornarem pol\u00edticas p\u00fablicas.<\/p><p data-start=\"433\" data-end=\"563\">Mais do que doar, voc\u00ea estar\u00e1 ajudando a construir um legado, promover equidade e fortalecer a base do nosso futuro: a Educa\u00e7\u00e3o.<\/p>\t\t\t\t\t\t\t\t<\/div>\n\t\t\t\t\t<\/div>\n\t\t<\/div>\n\t\t\t\t<div class=\"elementor-column elementor-col-33 elementor-top-column elementor-element elementor-element-41b45dc9\" data-id=\"41b45dc9\" data-element_type=\"column\">\n\t\t\t<div class=\"elementor-widget-wrap\">\n\t\t\t\t\t\t\t<\/div>\n\t\t<\/div>\n\t\t\t\t<div class=\"elementor-column elementor-col-33 elementor-top-column elementor-element elementor-element-2bd5467b\" data-id=\"2bd5467b\" data-element_type=\"column\">\n\t\t\t<div class=\"elementor-widget-wrap elementor-element-populated\">\n\t\t\t\t\t\t<div class=\"elementor-element elementor-element-79dc753b elementor-widget elementor-widget-image\" data-id=\"79dc753b\" data-element_type=\"widget\" data-widget_type=\"image.default\">\n\t\t\t\t\t\t\t\t\t\t\t\t\t\t\t<img decoding=\"async\" width=\"370\" height=\"97\" src=\"https:\/\/fefig.org.br\/culturando\/wp-content\/uploads\/2025\/07\/culturando-fefig1-e1755986182405.png\" class=\"attachment-medium_large size-medium_large wp-image-400\" alt=\"\" srcset=\"https:\/\/fefig.org.br\/culturando\/wp-content\/uploads\/2025\/07\/culturando-fefig1-e1755986182405.png 370w, https:\/\/fefig.org.br\/culturando\/wp-content\/uploads\/2025\/07\/culturando-fefig1-e1755986182405-300x79.png 300w\" sizes=\"(max-width: 370px) 100vw, 370px\" \/>\t\t\t\t\t\t\t\t\t\t\t\t\t\t\t<\/div>\n\t\t\t\t\t<\/div>\n\t\t<\/div>\n\t\t\t\t\t<\/div>\n\t\t<\/section>\n\t\t\t\t<section class=\"elementor-section elementor-top-section elementor-element elementor-element-4a706b0 elementor-section-boxed elementor-section-height-default elementor-section-height-default\" data-id=\"4a706b0\" data-element_type=\"section\" data-settings=\"{&quot;background_background&quot;:&quot;classic&quot;,&quot;jet_parallax_layout_list&quot;:[]}\">\n\t\t\t\t\t\t\t<div class=\"elementor-background-overlay\"><\/div>\n\t\t\t\t\t\t\t<div class=\"elementor-container elementor-column-gap-default\">\n\t\t\t\t\t<div class=\"elementor-column elementor-col-100 elementor-top-column elementor-element elementor-element-c080be5\" data-id=\"c080be5\" data-element_type=\"column\">\n\t\t\t<div class=\"elementor-widget-wrap elementor-element-populated\">\n\t\t\t\t\t\t<div class=\"elementor-element elementor-element-73f3e82 elementor-widget elementor-widget-heading\" data-id=\"73f3e82\" data-element_type=\"widget\" data-widget_type=\"heading.default\">\n\t\t\t\t\t<h2 class=\"elementor-heading-title elementor-size-default\">Como doar ou patrocinar o projeto<\/h2>\t\t\t\t<\/div>\n\t\t\t\t<div class=\"elementor-element elementor-element-df3ae79 elementor-widget elementor-widget-text-editor\" data-id=\"df3ae79\" data-element_type=\"widget\" data-widget_type=\"text-editor.default\">\n\t\t\t\t\t\t\t\t\t<p>Seu apoio nos ajuda a dar escala a iniciativas que funcionam de verdade \u2014 e a preparar essas solu\u00e7\u00f5es para se tornarem pol\u00edticas p\u00fablicas. Mais do que doar, voc\u00ea estar\u00e1 <strong data-start=\"699\" data-end=\"721\">construindo legado<\/strong>, promovendo equidade e fortalecendo a base do nosso futuro: a Educa\u00e7\u00e3o.<\/p>\t\t\t\t\t\t\t\t<\/div>\n\t\t<div class=\"elementor-element elementor-element-91666f9 e-grid e-con-boxed e-con e-parent\" data-id=\"91666f9\" data-element_type=\"container\" data-settings=\"{&quot;jet_parallax_layout_list&quot;:[]}\">\n\t\t\t\t\t<div class=\"e-con-inner\">\n\t\t\t\t<div class=\"elementor-element elementor-element-fd7c5fb elementor-button-align-stretch elementor-widget elementor-widget-form\" data-id=\"fd7c5fb\" data-element_type=\"widget\" data-settings=\"{&quot;step_next_label&quot;:&quot;Pr\\u00f3ximo&quot;,&quot;step_previous_label&quot;:&quot;Anterior&quot;,&quot;button_width&quot;:&quot;100&quot;,&quot;step_type&quot;:&quot;number_text&quot;,&quot;step_icon_shape&quot;:&quot;circle&quot;}\" data-widget_type=\"form.default\">\n\t\t\t\t\t\t\t<form class=\"elementor-form\" method=\"post\" name=\"Novo formul\u00e1rio\" aria-label=\"Novo formul\u00e1rio\">\n\t\t\t<input type=\"hidden\" name=\"post_id\" value=\"252\"\/>\n\t\t\t<input type=\"hidden\" name=\"form_id\" value=\"fd7c5fb\"\/>\n\t\t\t<input type=\"hidden\" name=\"referer_title\" value=\"Doe - Fefig Culturando a Alfabetiza\u00e7\u00e3o\" \/>\n\n\t\t\t\t\t\t\t<input type=\"hidden\" name=\"queried_id\" value=\"252\"\/>\n\t\t\t\n\t\t\t<div class=\"elementor-form-fields-wrapper elementor-labels-\">\n\t\t\t\t\t\t\t\t<div class=\"elementor-field-type-text elementor-field-group elementor-column elementor-field-group-name elementor-col-50\">\n\t\t\t\t\t\t\t\t\t\t\t\t<label for=\"form-field-name\" class=\"elementor-field-label elementor-screen-only\">\n\t\t\t\t\t\t\t\tNome\t\t\t\t\t\t\t<\/label>\n\t\t\t\t\t\t\t\t\t\t\t\t\t\t<input size=\"1\" type=\"text\" name=\"form_fields[name]\" id=\"form-field-name\" class=\"elementor-field elementor-size-sm  elementor-field-textual\" placeholder=\"Nome\">\n\t\t\t\t\t\t\t\t\t\t\t<\/div>\n\t\t\t\t\t\t\t\t<div class=\"elementor-field-type-text elementor-field-group elementor-column elementor-field-group-field_4686076 elementor-col-50\">\n\t\t\t\t\t\t\t\t\t\t\t\t<label for=\"form-field-field_4686076\" class=\"elementor-field-label elementor-screen-only\">\n\t\t\t\t\t\t\t\tTelefone\t\t\t\t\t\t\t<\/label>\n\t\t\t\t\t\t\t\t\t\t\t\t\t\t<input size=\"1\" type=\"text\" name=\"form_fields[field_4686076]\" id=\"form-field-field_4686076\" class=\"elementor-field elementor-size-sm  elementor-field-textual\" placeholder=\"Telefone\">\n\t\t\t\t\t\t\t\t\t\t\t<\/div>\n\t\t\t\t\t\t\t\t<div class=\"elementor-field-type-text elementor-field-group elementor-column elementor-field-group-field_16110f8 elementor-col-50\">\n\t\t\t\t\t\t\t\t\t\t\t\t<label for=\"form-field-field_16110f8\" class=\"elementor-field-label elementor-screen-only\">\n\t\t\t\t\t\t\t\tEmpresa\t\t\t\t\t\t\t<\/label>\n\t\t\t\t\t\t\t\t\t\t\t\t\t\t<input size=\"1\" type=\"text\" name=\"form_fields[field_16110f8]\" id=\"form-field-field_16110f8\" class=\"elementor-field elementor-size-sm  elementor-field-textual\" placeholder=\"Empresa\">\n\t\t\t\t\t\t\t\t\t\t\t<\/div>\n\t\t\t\t\t\t\t\t<div class=\"elementor-field-type-select elementor-field-group elementor-column elementor-field-group-field_9b04e18 elementor-col-50\">\n\t\t\t\t\t\t\t\t\t\t\t\t<label for=\"form-field-field_9b04e18\" class=\"elementor-field-label elementor-screen-only\">\n\t\t\t\t\t\t\t\tTipo de Apoio\t\t\t\t\t\t\t<\/label>\n\t\t\t\t\t\t\t\t<div class=\"elementor-field elementor-select-wrapper remove-before \">\n\t\t\t<div class=\"select-caret-down-wrapper\">\n\t\t\t\t<svg aria-hidden=\"true\" class=\"e-font-icon-svg e-eicon-caret-down\" viewBox=\"0 0 571.4 571.4\" xmlns=\"http:\/\/www.w3.org\/2000\/svg\"><path d=\"M571 393Q571 407 561 418L311 668Q300 679 286 679T261 668L11 418Q0 407 0 393T11 368 36 357H536Q550 357 561 368T571 393Z\"><\/path><\/svg>\t\t\t<\/div>\n\t\t\t<select name=\"form_fields[field_9b04e18]\" id=\"form-field-field_9b04e18\" class=\"elementor-field-textual elementor-size-sm\">\n\t\t\t\t\t\t\t\t\t<option value=\"Tipo de apoio\">Tipo de apoio<\/option>\n\t\t\t\t\t\t\t\t\t<option value=\"Doa\u00e7\u00e3o\">Doa\u00e7\u00e3o<\/option>\n\t\t\t\t\t\t\t\t\t<option value=\"Voluntariado\">Voluntariado<\/option>\n\t\t\t\t\t\t\t<\/select>\n\t\t<\/div>\n\t\t\t\t\t\t<\/div>\n\t\t\t\t\t\t\t\t<div class=\"elementor-field-type-email elementor-field-group elementor-column elementor-field-group-email elementor-col-100 elementor-field-required\">\n\t\t\t\t\t\t\t\t\t\t\t\t<label for=\"form-field-email\" class=\"elementor-field-label elementor-screen-only\">\n\t\t\t\t\t\t\t\tE-mail\t\t\t\t\t\t\t<\/label>\n\t\t\t\t\t\t\t\t\t\t\t\t\t\t<input size=\"1\" type=\"email\" name=\"form_fields[email]\" id=\"form-field-email\" class=\"elementor-field elementor-size-sm  elementor-field-textual\" placeholder=\"E-mail\" required=\"required\">\n\t\t\t\t\t\t\t\t\t\t\t<\/div>\n\t\t\t\t\t\t\t\t<div class=\"elementor-field-type-textarea elementor-field-group elementor-column elementor-field-group-message elementor-col-100\">\n\t\t\t\t\t\t\t\t\t\t\t\t<label for=\"form-field-message\" class=\"elementor-field-label elementor-screen-only\">\n\t\t\t\t\t\t\t\tMensagem\t\t\t\t\t\t\t<\/label>\n\t\t\t\t\t\t<textarea class=\"elementor-field-textual elementor-field  elementor-size-sm\" name=\"form_fields[message]\" id=\"form-field-message\" rows=\"4\" placeholder=\"Mensagem\"><\/textarea>\t\t\t\t<\/div>\n\t\t\t\t\t\t\t\t<div class=\"elementor-field-group elementor-column elementor-field-type-submit elementor-col-100 e-form__buttons\">\n\t\t\t\t\t<button class=\"elementor-button elementor-size-sm\" type=\"submit\">\n\t\t\t\t\t\t<span class=\"elementor-button-content-wrapper\">\n\t\t\t\t\t\t\t\t\t\t\t\t\t\t\t\t\t\t\t\t\t\t<span class=\"elementor-button-text\">Enviar<\/span>\n\t\t\t\t\t\t\t\t\t\t\t\t\t<\/span>\n\t\t\t\t\t<\/button>\n\t\t\t\t<\/div>\n\t\t\t<\/div>\n\t\t<\/form>\n\t\t\t\t\t\t<\/div>\n\t\t\t\t\t<\/div>\n\t\t\t\t<\/div>\n\t\t\t\t\t<\/div>\n\t\t<\/div>\n\t\t\t\t\t<\/div>\n\t\t<\/section>\n\t\t\t\t<\/div>\n\t\t","protected":false},"excerpt":{"rendered":"<p>Como participar Como doar ou patrocinar o projeto Voc\u00ea pode colaborar com a Fefig de diversas maneiras. O primeiro passo \u00e9 simples: entre em contato conosco atrav\u00e9s do formul\u00e1rio. Seu apoio nos permite ampliar iniciativas que realmente funcionam e preparar essas solu\u00e7\u00f5es para se tornarem pol\u00edticas p\u00fablicas. Mais do que doar, voc\u00ea estar\u00e1 ajudando a [&hellip;]<\/p>\n","protected":false},"author":1,"featured_media":402,"parent":0,"menu_order":0,"comment_status":"closed","ping_status":"closed","template":"elementor_header_footer","meta":{"inline_featured_image":false,"_joinchat":[],"footnotes":""},"class_list":["post-252","page","type-page","status-publish","has-post-thumbnail","hentry"],"yoast_head":"<!-- This site is optimized with the Yoast SEO plugin v26.1.1 - https:\/\/yoast.com\/wordpress\/plugins\/seo\/ -->\n<title>Doe - Fefig Culturando a Alfabetiza\u00e7\u00e3o<\/title>\n<meta name=\"description\" content=\"Doe e ajude a construir um legado, promover equidade e fortalecer a base do nosso futuro: a Educa\u00e7\u00e3o. Saiba mais sobre o projeto.\" \/>\n<meta name=\"robots\" content=\"index, follow, max-snippet:-1, max-image-preview:large, max-video-preview:-1\" \/>\n<link rel=\"canonical\" href=\"https:\/\/fefig.org.br\/culturando\/doe\/\" \/>\n<meta property=\"og:locale\" content=\"pt_BR\" \/>\n<meta property=\"og:type\" content=\"article\" \/>\n<meta property=\"og:title\" content=\"Doe - Fefig Culturando a Alfabetiza\u00e7\u00e3o\" \/>\n<meta property=\"og:description\" content=\"Doe e ajude a construir um legado, promover equidade e fortalecer a base do nosso futuro: a Educa\u00e7\u00e3o. Saiba mais sobre o projeto.\" \/>\n<meta property=\"og:url\" content=\"https:\/\/fefig.org.br\/culturando\/doe\/\" \/>\n<meta property=\"og:site_name\" content=\"Fefig Culturando a Alfabetiza\u00e7\u00e3o\" \/>\n<meta property=\"article:modified_time\" content=\"2025-10-10T16:19:14+00:00\" \/>\n<meta property=\"og:image\" content=\"https:\/\/fefig.org.br\/culturando\/wp-content\/uploads\/2025\/08\/crianca-fefig-lateral.jpg\" \/>\n\t<meta property=\"og:image:width\" content=\"573\" \/>\n\t<meta property=\"og:image:height\" content=\"583\" \/>\n\t<meta property=\"og:image:type\" content=\"image\/jpeg\" \/>\n<meta name=\"twitter:card\" content=\"summary_large_image\" \/>\n<meta name=\"twitter:label1\" content=\"Est. tempo de leitura\" \/>\n\t<meta name=\"twitter:data1\" content=\"2 minutos\" \/>\n<script type=\"application\/ld+json\" class=\"yoast-schema-graph\">{\"@context\":\"https:\/\/schema.org\",\"@graph\":[{\"@type\":\"WebPage\",\"@id\":\"https:\/\/fefig.org.br\/culturando\/doe\/\",\"url\":\"https:\/\/fefig.org.br\/culturando\/doe\/\",\"name\":\"Doe - Fefig Culturando a Alfabetiza\u00e7\u00e3o\",\"isPartOf\":{\"@id\":\"https:\/\/fefig.org.br\/culturando\/#website\"},\"primaryImageOfPage\":{\"@id\":\"https:\/\/fefig.org.br\/culturando\/doe\/#primaryimage\"},\"image\":{\"@id\":\"https:\/\/fefig.org.br\/culturando\/doe\/#primaryimage\"},\"thumbnailUrl\":\"https:\/\/fefig.org.br\/culturando\/wp-content\/uploads\/2025\/08\/crianca-fefig-lateral.jpg\",\"datePublished\":\"2025-07-27T13:51:59+00:00\",\"dateModified\":\"2025-10-10T16:19:14+00:00\",\"description\":\"Doe e ajude a construir um legado, promover equidade e fortalecer a base do nosso futuro: a Educa\u00e7\u00e3o. Saiba mais sobre o projeto.\",\"breadcrumb\":{\"@id\":\"https:\/\/fefig.org.br\/culturando\/doe\/#breadcrumb\"},\"inLanguage\":\"pt-BR\",\"potentialAction\":[{\"@type\":\"ReadAction\",\"target\":[\"https:\/\/fefig.org.br\/culturando\/doe\/\"]}]},{\"@type\":\"ImageObject\",\"inLanguage\":\"pt-BR\",\"@id\":\"https:\/\/fefig.org.br\/culturando\/doe\/#primaryimage\",\"url\":\"https:\/\/fefig.org.br\/culturando\/wp-content\/uploads\/2025\/08\/crianca-fefig-lateral.jpg\",\"contentUrl\":\"https:\/\/fefig.org.br\/culturando\/wp-content\/uploads\/2025\/08\/crianca-fefig-lateral.jpg\",\"width\":573,\"height\":583},{\"@type\":\"BreadcrumbList\",\"@id\":\"https:\/\/fefig.org.br\/culturando\/doe\/#breadcrumb\",\"itemListElement\":[{\"@type\":\"ListItem\",\"position\":1,\"name\":\"In\u00edcio\",\"item\":\"https:\/\/fefig.org.br\/culturando\/\"},{\"@type\":\"ListItem\",\"position\":2,\"name\":\"Doe\"}]},{\"@type\":\"WebSite\",\"@id\":\"https:\/\/fefig.org.br\/culturando\/#website\",\"url\":\"https:\/\/fefig.org.br\/culturando\/\",\"name\":\"Fefig Culturando a Alfabetiza\u00e7\u00e3o\",\"description\":\"Para fazer a educa\u00e7\u00e3o acontecer\",\"potentialAction\":[{\"@type\":\"SearchAction\",\"target\":{\"@type\":\"EntryPoint\",\"urlTemplate\":\"https:\/\/fefig.org.br\/culturando\/?s={search_term_string}\"},\"query-input\":{\"@type\":\"PropertyValueSpecification\",\"valueRequired\":true,\"valueName\":\"search_term_string\"}}],\"inLanguage\":\"pt-BR\"}]}<\/script>\n<!-- \/ Yoast SEO plugin. -->","yoast_head_json":{"title":"Doe - Fefig Culturando a Alfabetiza\u00e7\u00e3o","description":"Doe e ajude a construir um legado, promover equidade e fortalecer a base do nosso futuro: a Educa\u00e7\u00e3o. Saiba mais sobre o projeto.","robots":{"index":"index","follow":"follow","max-snippet":"max-snippet:-1","max-image-preview":"max-image-preview:large","max-video-preview":"max-video-preview:-1"},"canonical":"https:\/\/fefig.org.br\/culturando\/doe\/","og_locale":"pt_BR","og_type":"article","og_title":"Doe - Fefig Culturando a Alfabetiza\u00e7\u00e3o","og_description":"Doe e ajude a construir um legado, promover equidade e fortalecer a base do nosso futuro: a Educa\u00e7\u00e3o. Saiba mais sobre o projeto.","og_url":"https:\/\/fefig.org.br\/culturando\/doe\/","og_site_name":"Fefig Culturando a Alfabetiza\u00e7\u00e3o","article_modified_time":"2025-10-10T16:19:14+00:00","og_image":[{"width":573,"height":583,"url":"https:\/\/fefig.org.br\/culturando\/wp-content\/uploads\/2025\/08\/crianca-fefig-lateral.jpg","type":"image\/jpeg"}],"twitter_card":"summary_large_image","twitter_misc":{"Est. tempo de leitura":"2 minutos"},"schema":{"@context":"https:\/\/schema.org","@graph":[{"@type":"WebPage","@id":"https:\/\/fefig.org.br\/culturando\/doe\/","url":"https:\/\/fefig.org.br\/culturando\/doe\/","name":"Doe - Fefig Culturando a Alfabetiza\u00e7\u00e3o","isPartOf":{"@id":"https:\/\/fefig.org.br\/culturando\/#website"},"primaryImageOfPage":{"@id":"https:\/\/fefig.org.br\/culturando\/doe\/#primaryimage"},"image":{"@id":"https:\/\/fefig.org.br\/culturando\/doe\/#primaryimage"},"thumbnailUrl":"https:\/\/fefig.org.br\/culturando\/wp-content\/uploads\/2025\/08\/crianca-fefig-lateral.jpg","datePublished":"2025-07-27T13:51:59+00:00","dateModified":"2025-10-10T16:19:14+00:00","description":"Doe e ajude a construir um legado, promover equidade e fortalecer a base do nosso futuro: a Educa\u00e7\u00e3o. Saiba mais sobre o projeto.","breadcrumb":{"@id":"https:\/\/fefig.org.br\/culturando\/doe\/#breadcrumb"},"inLanguage":"pt-BR","potentialAction":[{"@type":"ReadAction","target":["https:\/\/fefig.org.br\/culturando\/doe\/"]}]},{"@type":"ImageObject","inLanguage":"pt-BR","@id":"https:\/\/fefig.org.br\/culturando\/doe\/#primaryimage","url":"https:\/\/fefig.org.br\/culturando\/wp-content\/uploads\/2025\/08\/crianca-fefig-lateral.jpg","contentUrl":"https:\/\/fefig.org.br\/culturando\/wp-content\/uploads\/2025\/08\/crianca-fefig-lateral.jpg","width":573,"height":583},{"@type":"BreadcrumbList","@id":"https:\/\/fefig.org.br\/culturando\/doe\/#breadcrumb","itemListElement":[{"@type":"ListItem","position":1,"name":"In\u00edcio","item":"https:\/\/fefig.org.br\/culturando\/"},{"@type":"ListItem","position":2,"name":"Doe"}]},{"@type":"WebSite","@id":"https:\/\/fefig.org.br\/culturando\/#website","url":"https:\/\/fefig.org.br\/culturando\/","name":"Fefig Culturando a Alfabetiza\u00e7\u00e3o","description":"Para fazer a educa\u00e7\u00e3o acontecer","potentialAction":[{"@type":"SearchAction","target":{"@type":"EntryPoint","urlTemplate":"https:\/\/fefig.org.br\/culturando\/?s={search_term_string}"},"query-input":{"@type":"PropertyValueSpecification","valueRequired":true,"valueName":"search_term_string"}}],"inLanguage":"pt-BR"}]}},"_links":{"self":[{"href":"https:\/\/fefig.org.br\/culturando\/wp-json\/wp\/v2\/pages\/252","targetHints":{"allow":["GET"]}}],"collection":[{"href":"https:\/\/fefig.org.br\/culturando\/wp-json\/wp\/v2\/pages"}],"about":[{"href":"https:\/\/fefig.org.br\/culturando\/wp-json\/wp\/v2\/types\/page"}],"author":[{"embeddable":true,"href":"https:\/\/fefig.org.br\/culturando\/wp-json\/wp\/v2\/users\/1"}],"replies":[{"embeddable":true,"href":"https:\/\/fefig.org.br\/culturando\/wp-json\/wp\/v2\/comments?post=252"}],"version-history":[{"count":16,"href":"https:\/\/fefig.org.br\/culturando\/wp-json\/wp\/v2\/pages\/252\/revisions"}],"predecessor-version":[{"id":623,"href":"https:\/\/fefig.org.br\/culturando\/wp-json\/wp\/v2\/pages\/252\/revisions\/623"}],"wp:featuredmedia":[{"embeddable":true,"href":"https:\/\/fefig.org.br\/culturando\/wp-json\/wp\/v2\/media\/402"}],"wp:attachment":[{"href":"https:\/\/fefig.org.br\/culturando\/wp-json\/wp\/v2\/media?parent=252"}],"curies":[{"name":"wp","href":"https:\/\/api.w.org\/{rel}","templated":true}]}}