{"id":235,"date":"2025-07-27T13:35:07","date_gmt":"2025-07-27T13:35:07","guid":{"rendered":"https:\/\/fefig.org.br\/culturando\/?page_id=235"},"modified":"2025-10-10T16:37:08","modified_gmt":"2025-10-10T16:37:08","slug":"fale-conosco","status":"publish","type":"page","link":"https:\/\/fefig.org.br\/culturando\/fale-conosco\/","title":{"rendered":"Fale Conosco"},"content":{"rendered":"\t\t<div data-elementor-type=\"wp-page\" data-elementor-id=\"235\" class=\"elementor elementor-235\" data-elementor-post-type=\"page\">\n\t\t\t\t<div class=\"elementor-element elementor-element-13f2f55c e-flex e-con-boxed e-con e-parent\" data-id=\"13f2f55c\" data-element_type=\"container\" data-settings=\"{&quot;background_background&quot;:&quot;video&quot;,&quot;background_play_on_mobile&quot;:&quot;yes&quot;,&quot;background_privacy_mode&quot;:&quot;yes&quot;,&quot;jet_parallax_layout_list&quot;:[]}\">\n\t\t\t\t\t<div class=\"e-con-inner\">\n\t\t\t\t<div class=\"elementor-element elementor-element-54e33a8a elementor-widget elementor-widget-heading\" data-id=\"54e33a8a\" data-element_type=\"widget\" data-widget_type=\"heading.default\">\n\t\t\t\t\t<h1 class=\"elementor-heading-title elementor-size-default\">Fale Conosco<\/h1>\t\t\t\t<\/div>\n\t\t\t\t\t<\/div>\n\t\t\t\t<\/div>\n\t\t\t\t<section class=\"elementor-section elementor-top-section elementor-element elementor-element-6198d90f elementor-section-boxed elementor-section-height-default elementor-section-height-default\" data-id=\"6198d90f\" data-element_type=\"section\" data-settings=\"{&quot;jet_parallax_layout_list&quot;:[]}\">\n\t\t\t\t\t\t<div class=\"elementor-container elementor-column-gap-default\">\n\t\t\t\t\t<div class=\"elementor-column elementor-col-33 elementor-top-column elementor-element elementor-element-7a518dc6\" data-id=\"7a518dc6\" data-element_type=\"column\">\n\t\t\t<div class=\"elementor-widget-wrap elementor-element-populated\">\n\t\t\t\t\t\t<div class=\"elementor-element elementor-element-4f589322 elementor-widget elementor-widget-heading\" data-id=\"4f589322\" data-element_type=\"widget\" data-widget_type=\"heading.default\">\n\t\t\t\t\t<h2 class=\"elementor-heading-title elementor-size-default\">Educar \u00e9 o que nos move. Transformar \u00e9 o que nos inspira.<\/h2>\t\t\t\t<\/div>\n\t\t\t\t<div class=\"elementor-element elementor-element-8868343 elementor-widget elementor-widget-text-editor\" data-id=\"8868343\" data-element_type=\"widget\" data-widget_type=\"text-editor.default\">\n\t\t\t\t\t\t\t\t\t<p data-start=\"404\" data-end=\"680\">Se voc\u00ea quer saber mais sobre nossos projetos, deseja apoiar nossas iniciativas ou simplesmente conversar sobre educa\u00e7\u00e3o e impacto social, estamos aqui para escutar.<\/p><p data-start=\"404\" data-end=\"680\">Preencha o formul\u00e1rio abaixo ou entre em contato pelos nossos canais oficiais \u2014 ser\u00e1 um prazer falar com voc\u00ea.<\/p>\t\t\t\t\t\t\t\t<\/div>\n\t\t\t\t<div class=\"elementor-element elementor-element-7d37129 elementor-button-align-stretch elementor-widget elementor-widget-form\" data-id=\"7d37129\" data-element_type=\"widget\" data-settings=\"{&quot;step_next_label&quot;:&quot;Pr\\u00f3ximo&quot;,&quot;step_previous_label&quot;:&quot;Anterior&quot;,&quot;button_width&quot;:&quot;100&quot;,&quot;step_type&quot;:&quot;number_text&quot;,&quot;step_icon_shape&quot;:&quot;circle&quot;}\" data-widget_type=\"form.default\">\n\t\t\t\t\t\t\t<form class=\"elementor-form\" method=\"post\" name=\"Novo formul\u00e1rio\" aria-label=\"Novo formul\u00e1rio\">\n\t\t\t<input type=\"hidden\" name=\"post_id\" value=\"235\"\/>\n\t\t\t<input type=\"hidden\" name=\"form_id\" value=\"7d37129\"\/>\n\t\t\t<input type=\"hidden\" name=\"referer_title\" value=\"Fale Conosco\" \/>\n\n\t\t\t\t\t\t\t<input type=\"hidden\" name=\"queried_id\" value=\"235\"\/>\n\t\t\t\n\t\t\t<div class=\"elementor-form-fields-wrapper elementor-labels-above\">\n\t\t\t\t\t\t\t\t<div class=\"elementor-field-type-text elementor-field-group elementor-column elementor-field-group-name elementor-col-100\">\n\t\t\t\t\t\t\t\t\t\t\t\t<label for=\"form-field-name\" class=\"elementor-field-label\">\n\t\t\t\t\t\t\t\tNome\t\t\t\t\t\t\t<\/label>\n\t\t\t\t\t\t\t\t\t\t\t\t\t\t<input size=\"1\" type=\"text\" name=\"form_fields[name]\" id=\"form-field-name\" class=\"elementor-field elementor-size-sm  elementor-field-textual\" placeholder=\"Nome\">\n\t\t\t\t\t\t\t\t\t\t\t<\/div>\n\t\t\t\t\t\t\t\t<div class=\"elementor-field-type-email elementor-field-group elementor-column elementor-field-group-email elementor-col-100 elementor-field-required\">\n\t\t\t\t\t\t\t\t\t\t\t\t<label for=\"form-field-email\" class=\"elementor-field-label\">\n\t\t\t\t\t\t\t\tE-mail\t\t\t\t\t\t\t<\/label>\n\t\t\t\t\t\t\t\t\t\t\t\t\t\t<input size=\"1\" type=\"email\" name=\"form_fields[email]\" id=\"form-field-email\" class=\"elementor-field elementor-size-sm  elementor-field-textual\" placeholder=\"E-mail\" required=\"required\">\n\t\t\t\t\t\t\t\t\t\t\t<\/div>\n\t\t\t\t\t\t\t\t<div class=\"elementor-field-type-textarea elementor-field-group elementor-column elementor-field-group-message elementor-col-100\">\n\t\t\t\t\t\t\t\t\t\t\t\t<label for=\"form-field-message\" class=\"elementor-field-label\">\n\t\t\t\t\t\t\t\tMensagem\t\t\t\t\t\t\t<\/label>\n\t\t\t\t\t\t<textarea class=\"elementor-field-textual elementor-field  elementor-size-sm\" name=\"form_fields[message]\" id=\"form-field-message\" rows=\"4\" placeholder=\"Mensagem\"><\/textarea>\t\t\t\t<\/div>\n\t\t\t\t\t\t\t\t<div class=\"elementor-field-group elementor-column elementor-field-type-submit elementor-col-100 e-form__buttons\">\n\t\t\t\t\t<button class=\"elementor-button elementor-size-sm\" type=\"submit\">\n\t\t\t\t\t\t<span class=\"elementor-button-content-wrapper\">\n\t\t\t\t\t\t\t\t\t\t\t\t\t\t\t\t\t\t\t\t\t\t<span class=\"elementor-button-text\">Enviar<\/span>\n\t\t\t\t\t\t\t\t\t\t\t\t\t<\/span>\n\t\t\t\t\t<\/button>\n\t\t\t\t<\/div>\n\t\t\t<\/div>\n\t\t<\/form>\n\t\t\t\t\t\t<\/div>\n\t\t\t\t\t<\/div>\n\t\t<\/div>\n\t\t\t\t<div class=\"elementor-column elementor-col-33 elementor-top-column elementor-element elementor-element-4387c2e1\" data-id=\"4387c2e1\" data-element_type=\"column\">\n\t\t\t<div class=\"elementor-widget-wrap\">\n\t\t\t\t\t\t\t<\/div>\n\t\t<\/div>\n\t\t\t\t<div class=\"elementor-column elementor-col-33 elementor-top-column elementor-element elementor-element-3ae8be7d\" data-id=\"3ae8be7d\" data-element_type=\"column\">\n\t\t\t<div class=\"elementor-widget-wrap elementor-element-populated\">\n\t\t\t\t\t\t<div class=\"elementor-element elementor-element-4b043153 elementor-widget elementor-widget-image\" data-id=\"4b043153\" data-element_type=\"widget\" data-widget_type=\"image.default\">\n\t\t\t\t\t\t\t\t\t\t\t\t\t\t\t<img fetchpriority=\"high\" decoding=\"async\" width=\"538\" height=\"464\" src=\"https:\/\/fefig.org.br\/culturando\/wp-content\/uploads\/2025\/07\/icone-lateral-re.png\" class=\"attachment-medium_large size-medium_large wp-image-130\" alt=\"\" srcset=\"https:\/\/fefig.org.br\/culturando\/wp-content\/uploads\/2025\/07\/icone-lateral-re.png 538w, https:\/\/fefig.org.br\/culturando\/wp-content\/uploads\/2025\/07\/icone-lateral-re-300x259.png 300w\" sizes=\"(max-width: 538px) 100vw, 538px\" \/>\t\t\t\t\t\t\t\t\t\t\t\t\t\t\t<\/div>\n\t\t\t\t\t<\/div>\n\t\t<\/div>\n\t\t\t\t\t<\/div>\n\t\t<\/section>\n\t\t\t\t<\/div>\n\t\t","protected":false},"excerpt":{"rendered":"<p>Fale Conosco Educar \u00e9 o que nos move. Transformar \u00e9 o que nos inspira. Se voc\u00ea quer saber mais sobre nossos projetos, deseja apoiar nossas iniciativas ou simplesmente conversar sobre educa\u00e7\u00e3o e impacto social, estamos aqui para escutar. Preencha o formul\u00e1rio abaixo ou entre em contato pelos nossos canais oficiais \u2014 ser\u00e1 um prazer falar [&hellip;]<\/p>\n","protected":false},"author":1,"featured_media":0,"parent":0,"menu_order":0,"comment_status":"closed","ping_status":"closed","template":"elementor_header_footer","meta":{"inline_featured_image":false,"_joinchat":[],"footnotes":""},"class_list":["post-235","page","type-page","status-publish","hentry"],"yoast_head":"<!-- This site is optimized with the Yoast SEO plugin v26.1.1 - https:\/\/yoast.com\/wordpress\/plugins\/seo\/ -->\n<title>Fale Conosco<\/title>\n<meta name=\"description\" content=\"Fale Conosco. Todas as informa\u00e7\u00f5es para entrar em contato com o projeto Culturando a Educa\u00e7\u00e3o. Veja as formas de contato.\" \/>\n<meta name=\"robots\" content=\"index, follow, max-snippet:-1, max-image-preview:large, max-video-preview:-1\" \/>\n<link rel=\"canonical\" href=\"https:\/\/fefig.org.br\/culturando\/fale-conosco\/\" \/>\n<meta property=\"og:locale\" content=\"pt_BR\" \/>\n<meta property=\"og:type\" content=\"article\" \/>\n<meta property=\"og:title\" content=\"Fale Conosco\" \/>\n<meta property=\"og:description\" content=\"Fale Conosco. Todas as informa\u00e7\u00f5es para entrar em contato com o projeto Culturando a Educa\u00e7\u00e3o. Veja as formas de contato.\" \/>\n<meta property=\"og:url\" content=\"https:\/\/fefig.org.br\/culturando\/fale-conosco\/\" \/>\n<meta property=\"og:site_name\" content=\"Fefig Culturando a Alfabetiza\u00e7\u00e3o\" \/>\n<meta property=\"article:modified_time\" content=\"2025-10-10T16:37:08+00:00\" \/>\n<meta property=\"og:image\" content=\"https:\/\/fefig.org.br\/culturando\/wp-content\/uploads\/2025\/07\/icone-lateral-re.png\" \/>\n\t<meta property=\"og:image:width\" content=\"538\" \/>\n\t<meta property=\"og:image:height\" content=\"464\" \/>\n\t<meta property=\"og:image:type\" content=\"image\/png\" \/>\n<meta name=\"twitter:card\" content=\"summary_large_image\" \/>\n<meta name=\"twitter:label1\" content=\"Est. tempo de leitura\" \/>\n\t<meta name=\"twitter:data1\" content=\"1 minuto\" \/>\n<script type=\"application\/ld+json\" class=\"yoast-schema-graph\">{\"@context\":\"https:\/\/schema.org\",\"@graph\":[{\"@type\":\"WebPage\",\"@id\":\"https:\/\/fefig.org.br\/culturando\/fale-conosco\/\",\"url\":\"https:\/\/fefig.org.br\/culturando\/fale-conosco\/\",\"name\":\"Fale Conosco\",\"isPartOf\":{\"@id\":\"https:\/\/fefig.org.br\/culturando\/#website\"},\"primaryImageOfPage\":{\"@id\":\"https:\/\/fefig.org.br\/culturando\/fale-conosco\/#primaryimage\"},\"image\":{\"@id\":\"https:\/\/fefig.org.br\/culturando\/fale-conosco\/#primaryimage\"},\"thumbnailUrl\":\"https:\/\/fefig.org.br\/culturando\/wp-content\/uploads\/2025\/07\/icone-lateral-re.png\",\"datePublished\":\"2025-07-27T13:35:07+00:00\",\"dateModified\":\"2025-10-10T16:37:08+00:00\",\"description\":\"Fale Conosco. Todas as informa\u00e7\u00f5es para entrar em contato com o projeto Culturando a Educa\u00e7\u00e3o. Veja as formas de contato.\",\"breadcrumb\":{\"@id\":\"https:\/\/fefig.org.br\/culturando\/fale-conosco\/#breadcrumb\"},\"inLanguage\":\"pt-BR\",\"potentialAction\":[{\"@type\":\"ReadAction\",\"target\":[\"https:\/\/fefig.org.br\/culturando\/fale-conosco\/\"]}]},{\"@type\":\"ImageObject\",\"inLanguage\":\"pt-BR\",\"@id\":\"https:\/\/fefig.org.br\/culturando\/fale-conosco\/#primaryimage\",\"url\":\"https:\/\/fefig.org.br\/culturando\/wp-content\/uploads\/2025\/07\/icone-lateral-re.png\",\"contentUrl\":\"https:\/\/fefig.org.br\/culturando\/wp-content\/uploads\/2025\/07\/icone-lateral-re.png\",\"width\":538,\"height\":464},{\"@type\":\"BreadcrumbList\",\"@id\":\"https:\/\/fefig.org.br\/culturando\/fale-conosco\/#breadcrumb\",\"itemListElement\":[{\"@type\":\"ListItem\",\"position\":1,\"name\":\"In\u00edcio\",\"item\":\"https:\/\/fefig.org.br\/culturando\/\"},{\"@type\":\"ListItem\",\"position\":2,\"name\":\"Fale Conosco\"}]},{\"@type\":\"WebSite\",\"@id\":\"https:\/\/fefig.org.br\/culturando\/#website\",\"url\":\"https:\/\/fefig.org.br\/culturando\/\",\"name\":\"Fefig Culturando a Alfabetiza\u00e7\u00e3o\",\"description\":\"Para fazer a educa\u00e7\u00e3o acontecer\",\"potentialAction\":[{\"@type\":\"SearchAction\",\"target\":{\"@type\":\"EntryPoint\",\"urlTemplate\":\"https:\/\/fefig.org.br\/culturando\/?s={search_term_string}\"},\"query-input\":{\"@type\":\"PropertyValueSpecification\",\"valueRequired\":true,\"valueName\":\"search_term_string\"}}],\"inLanguage\":\"pt-BR\"}]}<\/script>\n<!-- \/ Yoast SEO plugin. -->","yoast_head_json":{"title":"Fale Conosco","description":"Fale Conosco. Todas as informa\u00e7\u00f5es para entrar em contato com o projeto Culturando a Educa\u00e7\u00e3o. Veja as formas de contato.","robots":{"index":"index","follow":"follow","max-snippet":"max-snippet:-1","max-image-preview":"max-image-preview:large","max-video-preview":"max-video-preview:-1"},"canonical":"https:\/\/fefig.org.br\/culturando\/fale-conosco\/","og_locale":"pt_BR","og_type":"article","og_title":"Fale Conosco","og_description":"Fale Conosco. Todas as informa\u00e7\u00f5es para entrar em contato com o projeto Culturando a Educa\u00e7\u00e3o. Veja as formas de contato.","og_url":"https:\/\/fefig.org.br\/culturando\/fale-conosco\/","og_site_name":"Fefig Culturando a Alfabetiza\u00e7\u00e3o","article_modified_time":"2025-10-10T16:37:08+00:00","og_image":[{"width":538,"height":464,"url":"https:\/\/fefig.org.br\/culturando\/wp-content\/uploads\/2025\/07\/icone-lateral-re.png","type":"image\/png"}],"twitter_card":"summary_large_image","twitter_misc":{"Est. tempo de leitura":"1 minuto"},"schema":{"@context":"https:\/\/schema.org","@graph":[{"@type":"WebPage","@id":"https:\/\/fefig.org.br\/culturando\/fale-conosco\/","url":"https:\/\/fefig.org.br\/culturando\/fale-conosco\/","name":"Fale Conosco","isPartOf":{"@id":"https:\/\/fefig.org.br\/culturando\/#website"},"primaryImageOfPage":{"@id":"https:\/\/fefig.org.br\/culturando\/fale-conosco\/#primaryimage"},"image":{"@id":"https:\/\/fefig.org.br\/culturando\/fale-conosco\/#primaryimage"},"thumbnailUrl":"https:\/\/fefig.org.br\/culturando\/wp-content\/uploads\/2025\/07\/icone-lateral-re.png","datePublished":"2025-07-27T13:35:07+00:00","dateModified":"2025-10-10T16:37:08+00:00","description":"Fale Conosco. Todas as informa\u00e7\u00f5es para entrar em contato com o projeto Culturando a Educa\u00e7\u00e3o. Veja as formas de contato.","breadcrumb":{"@id":"https:\/\/fefig.org.br\/culturando\/fale-conosco\/#breadcrumb"},"inLanguage":"pt-BR","potentialAction":[{"@type":"ReadAction","target":["https:\/\/fefig.org.br\/culturando\/fale-conosco\/"]}]},{"@type":"ImageObject","inLanguage":"pt-BR","@id":"https:\/\/fefig.org.br\/culturando\/fale-conosco\/#primaryimage","url":"https:\/\/fefig.org.br\/culturando\/wp-content\/uploads\/2025\/07\/icone-lateral-re.png","contentUrl":"https:\/\/fefig.org.br\/culturando\/wp-content\/uploads\/2025\/07\/icone-lateral-re.png","width":538,"height":464},{"@type":"BreadcrumbList","@id":"https:\/\/fefig.org.br\/culturando\/fale-conosco\/#breadcrumb","itemListElement":[{"@type":"ListItem","position":1,"name":"In\u00edcio","item":"https:\/\/fefig.org.br\/culturando\/"},{"@type":"ListItem","position":2,"name":"Fale Conosco"}]},{"@type":"WebSite","@id":"https:\/\/fefig.org.br\/culturando\/#website","url":"https:\/\/fefig.org.br\/culturando\/","name":"Fefig Culturando a Alfabetiza\u00e7\u00e3o","description":"Para fazer a educa\u00e7\u00e3o acontecer","potentialAction":[{"@type":"SearchAction","target":{"@type":"EntryPoint","urlTemplate":"https:\/\/fefig.org.br\/culturando\/?s={search_term_string}"},"query-input":{"@type":"PropertyValueSpecification","valueRequired":true,"valueName":"search_term_string"}}],"inLanguage":"pt-BR"}]}},"_links":{"self":[{"href":"https:\/\/fefig.org.br\/culturando\/wp-json\/wp\/v2\/pages\/235","targetHints":{"allow":["GET"]}}],"collection":[{"href":"https:\/\/fefig.org.br\/culturando\/wp-json\/wp\/v2\/pages"}],"about":[{"href":"https:\/\/fefig.org.br\/culturando\/wp-json\/wp\/v2\/types\/page"}],"author":[{"embeddable":true,"href":"https:\/\/fefig.org.br\/culturando\/wp-json\/wp\/v2\/users\/1"}],"replies":[{"embeddable":true,"href":"https:\/\/fefig.org.br\/culturando\/wp-json\/wp\/v2\/comments?post=235"}],"version-history":[{"count":16,"href":"https:\/\/fefig.org.br\/culturando\/wp-json\/wp\/v2\/pages\/235\/revisions"}],"predecessor-version":[{"id":697,"href":"https:\/\/fefig.org.br\/culturando\/wp-json\/wp\/v2\/pages\/235\/revisions\/697"}],"wp:attachment":[{"href":"https:\/\/fefig.org.br\/culturando\/wp-json\/wp\/v2\/media?parent=235"}],"curies":[{"name":"wp","href":"https:\/\/api.w.org\/{rel}","templated":true}]}}