{"id":215,"date":"2025-07-27T13:26:15","date_gmt":"2025-07-27T13:26:15","guid":{"rendered":"https:\/\/fefig.org.br\/culturando\/?page_id=215"},"modified":"2025-10-10T16:25:53","modified_gmt":"2025-10-10T16:25:53","slug":"culturando-a-alfabetizacao","status":"publish","type":"page","link":"https:\/\/fefig.org.br\/culturando\/culturando-a-alfabetizacao\/","title":{"rendered":"Culturando a Alfabetiza\u00e7\u00e3o"},"content":{"rendered":"\t\t<div data-elementor-type=\"wp-page\" data-elementor-id=\"215\" class=\"elementor elementor-215\" data-elementor-post-type=\"page\">\n\t\t\t\t<div class=\"elementor-element elementor-element-95c53e7 e-flex e-con-boxed e-con e-parent\" data-id=\"95c53e7\" data-element_type=\"container\" data-settings=\"{&quot;background_background&quot;:&quot;video&quot;,&quot;background_play_on_mobile&quot;:&quot;yes&quot;,&quot;background_privacy_mode&quot;:&quot;yes&quot;,&quot;jet_parallax_layout_list&quot;:[]}\">\n\t\t\t\t\t<div class=\"e-con-inner\">\n\t\t\t\t<div class=\"elementor-element elementor-element-1c86d5c2 elementor-widget elementor-widget-heading\" data-id=\"1c86d5c2\" data-element_type=\"widget\" data-widget_type=\"heading.default\">\n\t\t\t\t\t<h1 class=\"elementor-heading-title elementor-size-default\">Culturando a Alfabetiza\u00e7\u00e3o<\/h1>\t\t\t\t<\/div>\n\t\t\t\t\t<\/div>\n\t\t\t\t<\/div>\n\t\t\t\t<section class=\"elementor-section elementor-top-section elementor-element elementor-element-8ce0ff3 elementor-section-boxed elementor-section-height-default elementor-section-height-default\" data-id=\"8ce0ff3\" data-element_type=\"section\" data-settings=\"{&quot;jet_parallax_layout_list&quot;:[]}\">\n\t\t\t\t\t\t<div class=\"elementor-container elementor-column-gap-default\">\n\t\t\t\t\t<div class=\"elementor-column elementor-col-33 elementor-top-column elementor-element elementor-element-7bdfa101\" data-id=\"7bdfa101\" data-element_type=\"column\">\n\t\t\t<div class=\"elementor-widget-wrap elementor-element-populated\">\n\t\t\t\t\t\t<div class=\"elementor-element elementor-element-59d76f14 elementor-widget elementor-widget-heading\" data-id=\"59d76f14\" data-element_type=\"widget\" data-widget_type=\"heading.default\">\n\t\t\t\t\t<h2 class=\"elementor-heading-title elementor-size-default\">Culturando a Alfabetiza\u00e7\u00e3o<\/h2>\t\t\t\t<\/div>\n\t\t\t\t<div class=\"elementor-element elementor-element-38a94e49 elementor-widget elementor-widget-text-editor\" data-id=\"38a94e49\" data-element_type=\"widget\" data-widget_type=\"text-editor.default\">\n\t\t\t\t\t\t\t\t\t<p>O Culturando a Alfabetiza\u00e7\u00e3o \u00e9 um projeto educacional aprovado pela Lei de Incentivo \u00e0 Cultura (Lei Rouanet) que tem como miss\u00e3o fortalecer o processo de alfabetiza\u00e7\u00e3o nas escolas p\u00fablicas brasileiras, especialmente nos anos iniciais do ensino fundamental.<br \/>Por meio da entrega de livros paradid\u00e1ticos selecionados com curadoria especializada, a\u00e7\u00f5es de forma\u00e7\u00e3o para educadores e acompanhamento t\u00e9cnico pr\u00f3ximo \u00e0s redes de ensino, o projeto contribui para criar experi\u00eancias significativas de leitura, apoiar o aprendizado das crian\u00e7as e valorizar o trabalho das escolas e professores.<br \/>Mais do que distribuir livros, o Culturando a Alfabetiza\u00e7\u00e3o promove acesso \u00e0 cultura, incentiva o prazer pela leitura e potencializa pol\u00edticas p\u00fablicas de alfabetiza\u00e7\u00e3o j\u00e1 em curso \u2014 refor\u00e7ando a import\u00e2ncia de garantir que toda crian\u00e7a esteja alfabetizada na idade certa.<\/p>\t\t\t\t\t\t\t\t<\/div>\n\t\t\t\t\t<\/div>\n\t\t<\/div>\n\t\t\t\t<div class=\"elementor-column elementor-col-33 elementor-top-column elementor-element elementor-element-85803dc\" data-id=\"85803dc\" data-element_type=\"column\">\n\t\t\t<div class=\"elementor-widget-wrap\">\n\t\t\t\t\t\t\t<\/div>\n\t\t<\/div>\n\t\t\t\t<div class=\"elementor-column elementor-col-33 elementor-top-column elementor-element elementor-element-1be01408\" data-id=\"1be01408\" data-element_type=\"column\">\n\t\t\t<div class=\"elementor-widget-wrap elementor-element-populated\">\n\t\t\t\t\t\t<div class=\"elementor-element elementor-element-67e3b54 elementor-widget elementor-widget-image\" data-id=\"67e3b54\" data-element_type=\"widget\" data-widget_type=\"image.default\">\n\t\t\t\t\t\t\t\t\t\t\t\t\t\t\t<img fetchpriority=\"high\" decoding=\"async\" width=\"800\" height=\"800\" src=\"https:\/\/fefig.org.br\/culturando\/wp-content\/uploads\/2025\/07\/Mandala_fefig_Verde_RGB.svg\" class=\"attachment-large size-large wp-image-188\" alt=\"\" \/>\t\t\t\t\t\t\t\t\t\t\t\t\t\t\t<\/div>\n\t\t\t\t\t<\/div>\n\t\t<\/div>\n\t\t\t\t\t<\/div>\n\t\t<\/section>\n\t\t\t\t<section class=\"elementor-section elementor-top-section elementor-element elementor-element-582761b5 elementor-section-boxed elementor-section-height-default elementor-section-height-default\" data-id=\"582761b5\" data-element_type=\"section\" data-settings=\"{&quot;background_background&quot;:&quot;classic&quot;,&quot;jet_parallax_layout_list&quot;:[]}\">\n\t\t\t\t\t\t\t<div class=\"elementor-background-overlay\"><\/div>\n\t\t\t\t\t\t\t<div class=\"elementor-container elementor-column-gap-default\">\n\t\t\t\t\t<div class=\"elementor-column elementor-col-100 elementor-top-column elementor-element elementor-element-3fa35903\" data-id=\"3fa35903\" data-element_type=\"column\">\n\t\t\t<div class=\"elementor-widget-wrap elementor-element-populated\">\n\t\t\t\t\t\t<div class=\"elementor-element elementor-element-28c21ef0 elementor-widget elementor-widget-heading\" data-id=\"28c21ef0\" data-element_type=\"widget\" data-widget_type=\"heading.default\">\n\t\t\t\t\t<h2 class=\"elementor-heading-title elementor-size-default\">Edi\u00e7\u00f5es<\/h2>\t\t\t\t<\/div>\n\t\t\t\t<div class=\"elementor-element elementor-element-1e12f72b elementor-widget elementor-widget-text-editor\" data-id=\"1e12f72b\" data-element_type=\"widget\" data-widget_type=\"text-editor.default\">\n\t\t\t\t\t\t\t\t\t<p>Mais do que apoiar, acompanhamos de perto cada projeto, trabalhando ombro a ombro com os respons\u00e1veis para garantir que o investimento chegue, de fato, at\u00e9 a crian\u00e7a. Nosso modelo de gest\u00e3o melhora a efici\u00eancia e a escala das a\u00e7\u00f5es, com o objetivo de que essas iniciativas possam, futuramente, inspirar pol\u00edticas p\u00fablicas. Afinal, quando um bom livro chega \u00e0s m\u00e3os certas, ele pode mudar n\u00e3o apenas uma hist\u00f3ria \u2014 mas muitas vidas.<\/p>\t\t\t\t\t\t\t\t<\/div>\n\t\t<div class=\"elementor-element elementor-element-83628c6 e-grid e-con-boxed e-con e-parent\" data-id=\"83628c6\" data-element_type=\"container\" data-settings=\"{&quot;jet_parallax_layout_list&quot;:[]}\">\n\t\t\t\t\t<div class=\"e-con-inner\">\n\t\t\t\t<div class=\"elementor-element elementor-element-f85fc8d elementor-widget elementor-widget-jet-portfolio\" data-id=\"f85fc8d\" data-element_type=\"widget\" data-settings=\"{&quot;columns&quot;:&quot;4&quot;,&quot;columns_mobile&quot;:&quot;2&quot;}\" data-widget_type=\"jet-portfolio.default\">\n\t\t\t\t<div class=\"elementor-widget-container\">\n\t\t\t\t\t<div class=\"elementor-jet-portfolio jet-elements\">\n<div class=\"jet-portfolio layout-type-masonry preset-type-1 layout-desktop-column-4  layout-mobile-column-2\" data-settings=\"{&quot;layoutType&quot;:&quot;masonry&quot;,&quot;perPage&quot;:6}\"><div class=\"jet-portfolio__list \"><article class=\"jet-portfolio__item visible-status\" data-slug=\"{&quot;0&quot;:&quot;all&quot;}\">\n\t<div class=\"jet-portfolio__inner\">\n\t\t<a class=\"jet-portfolio__link \" target=\"\" rel=\"\" href=\"https:\/\/fefig.org.br\/culturando\/culturando-a-alfabetizacao-primeira-edicao\/\">\n\t\t\t<div class=\"jet-portfolio__image\">\n\t\t\t\t<img loading=\"lazy\" decoding=\"async\" class=\"jet-portfolio__image-instance\" src=\"https:\/\/fefig.org.br\/culturando\/wp-content\/uploads\/2025\/09\/primeira-edicao.png\" width=\"600\" height=\"600\"  alt=\"primeira-edicao\" loading=\"lazy\">\t\t\t\t<div class=\"jet-portfolio__image-loader\"><span><\/span><\/div>\n\t\t\t<\/div>\n\t\t<\/a>\n\t\t<div class=\"jet-portfolio__content\">\n\t\t\t<div class=\"jet-portfolio__content-inner\"><h4 class=\"jet-portfolio__title\">Primeira edi\u00e7\u00e3o<\/h4><a class=\"elementor-button elementor-size-md jet-portfolio__button\" href=\"https:\/\/fefig.org.br\/culturando\/culturando-a-alfabetizacao-primeira-edicao\/\"><span class=\"jet-portfolio__button-text\">More<\/span><\/a><\/div>\n\t\t<\/div>\n\n\t<\/div>\n<\/article>\n<article class=\"jet-portfolio__item visible-status\" data-slug=\"{&quot;0&quot;:&quot;all&quot;}\">\n\t<div class=\"jet-portfolio__inner\">\n\t\t<a class=\"jet-portfolio__link \" target=\"\" rel=\"\" href=\"https:\/\/fefig.org.br\/culturando\/culturando-a-alfabetizacao-segunda-edicao\/\">\n\t\t\t<div class=\"jet-portfolio__image\">\n\t\t\t\t<img loading=\"lazy\" decoding=\"async\" class=\"jet-portfolio__image-instance\" src=\"https:\/\/fefig.org.br\/culturando\/wp-content\/uploads\/2025\/09\/segunda-edicao.png\" width=\"600\" height=\"600\"  alt=\"segunda-edicao\" loading=\"lazy\">\t\t\t\t<div class=\"jet-portfolio__image-loader\"><span><\/span><\/div>\n\t\t\t<\/div>\n\t\t<\/a>\n\t\t<div class=\"jet-portfolio__content\">\n\t\t\t<div class=\"jet-portfolio__content-inner\"><h4 class=\"jet-portfolio__title\">Segunda Edi\u00e7\u00e3o<\/h4><a class=\"elementor-button elementor-size-md jet-portfolio__button\" href=\"https:\/\/fefig.org.br\/culturando\/culturando-a-alfabetizacao-segunda-edicao\/\"><span class=\"jet-portfolio__button-text\">More<\/span><\/a><\/div>\n\t\t<\/div>\n\n\t<\/div>\n<\/article>\n<\/div><\/div>\n<\/div>\t\t\t\t<\/div>\n\t\t\t\t<\/div>\n\t\t\t\t\t<\/div>\n\t\t\t\t<\/div>\n\t\t\t\t\t<\/div>\n\t\t<\/div>\n\t\t\t\t\t<\/div>\n\t\t<\/section>\n\t\t\t\t<section class=\"elementor-section elementor-top-section elementor-element elementor-element-54f2cef elementor-section-boxed elementor-section-height-default elementor-section-height-default\" data-id=\"54f2cef\" data-element_type=\"section\" data-settings=\"{&quot;jet_parallax_layout_list&quot;:[]}\">\n\t\t\t\t\t\t<div class=\"elementor-container elementor-column-gap-default\">\n\t\t\t\t\t<div class=\"elementor-column elementor-col-100 elementor-top-column elementor-element elementor-element-3897c8a\" data-id=\"3897c8a\" data-element_type=\"column\">\n\t\t\t<div class=\"elementor-widget-wrap elementor-element-populated\">\n\t\t\t\t\t\t<div class=\"elementor-element elementor-element-64cee2e elementor-widget elementor-widget-heading\" data-id=\"64cee2e\" data-element_type=\"widget\" data-widget_type=\"heading.default\">\n\t\t\t\t\t<h2 class=\"elementor-heading-title elementor-size-default\">Junte-se ao Instituto FEFIG! <\/h2>\t\t\t\t<\/div>\n\t\t\t\t<div class=\"elementor-element elementor-element-5202c38 elementor-widget elementor-widget-text-editor\" data-id=\"5202c38\" data-element_type=\"widget\" data-widget_type=\"text-editor.default\">\n\t\t\t\t\t\t\t\t\t<p>Seja parte dessa jornada para promover os Objetivos de Desenvolvimento Sustent\u00e1vel da ONU e ajude a construir um mundo melhor para todos.<\/p>\t\t\t\t\t\t\t\t<\/div>\n\t\t\t\t<div class=\"elementor-element elementor-element-53d02a6 elementor-align-center elementor-widget elementor-widget-button\" data-id=\"53d02a6\" data-element_type=\"widget\" data-widget_type=\"button.default\">\n\t\t\t\t\t\t\t\t\t\t<a class=\"elementor-button elementor-button-link elementor-size-sm elementor-animation-grow\" href=\"https:\/\/fefig.org.br\/culturando\/doe\/\">\n\t\t\t\t\t\t<span class=\"elementor-button-content-wrapper\">\n\t\t\t\t\t\t\t\t\t<span class=\"elementor-button-text\">Saiba mais<\/span>\n\t\t\t\t\t<\/span>\n\t\t\t\t\t<\/a>\n\t\t\t\t\t\t\t\t<\/div>\n\t\t\t\t\t<\/div>\n\t\t<\/div>\n\t\t\t\t\t<\/div>\n\t\t<\/section>\n\t\t\t\t<\/div>\n\t\t","protected":false},"excerpt":{"rendered":"<p>Culturando a Alfabetiza\u00e7\u00e3o Culturando a Alfabetiza\u00e7\u00e3o O Culturando a Alfabetiza\u00e7\u00e3o \u00e9 um projeto educacional aprovado pela Lei de Incentivo \u00e0 Cultura (Lei Rouanet) que tem como miss\u00e3o fortalecer o processo de alfabetiza\u00e7\u00e3o nas escolas p\u00fablicas brasileiras, especialmente nos anos iniciais do ensino fundamental.Por meio da entrega de livros paradid\u00e1ticos selecionados com curadoria especializada, a\u00e7\u00f5es de [&hellip;]<\/p>\n","protected":false},"author":1,"featured_media":0,"parent":0,"menu_order":0,"comment_status":"closed","ping_status":"closed","template":"elementor_header_footer","meta":{"inline_featured_image":false,"_joinchat":[],"footnotes":""},"class_list":["post-215","page","type-page","status-publish","hentry"],"yoast_head":"<!-- This site is optimized with the Yoast SEO plugin v26.1.1 - https:\/\/yoast.com\/wordpress\/plugins\/seo\/ -->\n<title>Culturando a Alfabetiza\u00e7\u00e3o<\/title>\n<meta name=\"description\" content=\"Conhe\u00e7a tudo sobre o projeto Culturando a Alfabetiza\u00e7\u00e3o e tamb\u00e9m como participar. Saiba como ser um agente transformador da educa\u00e7\u00e3o.\" \/>\n<meta name=\"robots\" content=\"index, follow, max-snippet:-1, max-image-preview:large, max-video-preview:-1\" \/>\n<link rel=\"canonical\" href=\"https:\/\/fefig.org.br\/culturando\/culturando-a-alfabetizacao\/\" \/>\n<meta property=\"og:locale\" content=\"pt_BR\" \/>\n<meta property=\"og:type\" content=\"article\" \/>\n<meta property=\"og:title\" content=\"Culturando a Alfabetiza\u00e7\u00e3o\" \/>\n<meta property=\"og:description\" content=\"Conhe\u00e7a tudo sobre o projeto Culturando a Alfabetiza\u00e7\u00e3o e tamb\u00e9m como participar. Saiba como ser um agente transformador da educa\u00e7\u00e3o.\" \/>\n<meta property=\"og:url\" content=\"https:\/\/fefig.org.br\/culturando\/culturando-a-alfabetizacao\/\" \/>\n<meta property=\"og:site_name\" content=\"Fefig Culturando a Alfabetiza\u00e7\u00e3o\" \/>\n<meta property=\"article:modified_time\" content=\"2025-10-10T16:25:53+00:00\" \/>\n<meta property=\"og:image\" content=\"https:\/\/fefig.org.br\/culturando\/wp-content\/uploads\/2025\/07\/Mandala_fefig_Verde_RGB.svg\" \/>\n<meta name=\"twitter:card\" content=\"summary_large_image\" \/>\n<meta name=\"twitter:label1\" content=\"Est. tempo de leitura\" \/>\n\t<meta name=\"twitter:data1\" content=\"2 minutos\" \/>\n<script type=\"application\/ld+json\" class=\"yoast-schema-graph\">{\"@context\":\"https:\/\/schema.org\",\"@graph\":[{\"@type\":\"WebPage\",\"@id\":\"https:\/\/fefig.org.br\/culturando\/culturando-a-alfabetizacao\/\",\"url\":\"https:\/\/fefig.org.br\/culturando\/culturando-a-alfabetizacao\/\",\"name\":\"Culturando a Alfabetiza\u00e7\u00e3o\",\"isPartOf\":{\"@id\":\"https:\/\/fefig.org.br\/culturando\/#website\"},\"primaryImageOfPage\":{\"@id\":\"https:\/\/fefig.org.br\/culturando\/culturando-a-alfabetizacao\/#primaryimage\"},\"image\":{\"@id\":\"https:\/\/fefig.org.br\/culturando\/culturando-a-alfabetizacao\/#primaryimage\"},\"thumbnailUrl\":\"https:\/\/fefig.org.br\/culturando\/wp-content\/uploads\/2025\/07\/Mandala_fefig_Verde_RGB.svg\",\"datePublished\":\"2025-07-27T13:26:15+00:00\",\"dateModified\":\"2025-10-10T16:25:53+00:00\",\"description\":\"Conhe\u00e7a tudo sobre o projeto Culturando a Alfabetiza\u00e7\u00e3o e tamb\u00e9m como participar. Saiba como ser um agente transformador da educa\u00e7\u00e3o.\",\"breadcrumb\":{\"@id\":\"https:\/\/fefig.org.br\/culturando\/culturando-a-alfabetizacao\/#breadcrumb\"},\"inLanguage\":\"pt-BR\",\"potentialAction\":[{\"@type\":\"ReadAction\",\"target\":[\"https:\/\/fefig.org.br\/culturando\/culturando-a-alfabetizacao\/\"]}]},{\"@type\":\"ImageObject\",\"inLanguage\":\"pt-BR\",\"@id\":\"https:\/\/fefig.org.br\/culturando\/culturando-a-alfabetizacao\/#primaryimage\",\"url\":\"https:\/\/fefig.org.br\/culturando\/wp-content\/uploads\/2025\/07\/Mandala_fefig_Verde_RGB.svg\",\"contentUrl\":\"https:\/\/fefig.org.br\/culturando\/wp-content\/uploads\/2025\/07\/Mandala_fefig_Verde_RGB.svg\",\"width\":1000,\"height\":950},{\"@type\":\"BreadcrumbList\",\"@id\":\"https:\/\/fefig.org.br\/culturando\/culturando-a-alfabetizacao\/#breadcrumb\",\"itemListElement\":[{\"@type\":\"ListItem\",\"position\":1,\"name\":\"In\u00edcio\",\"item\":\"https:\/\/fefig.org.br\/culturando\/\"},{\"@type\":\"ListItem\",\"position\":2,\"name\":\"Culturando a Alfabetiza\u00e7\u00e3o\"}]},{\"@type\":\"WebSite\",\"@id\":\"https:\/\/fefig.org.br\/culturando\/#website\",\"url\":\"https:\/\/fefig.org.br\/culturando\/\",\"name\":\"Fefig Culturando a Alfabetiza\u00e7\u00e3o\",\"description\":\"Para fazer a educa\u00e7\u00e3o acontecer\",\"potentialAction\":[{\"@type\":\"SearchAction\",\"target\":{\"@type\":\"EntryPoint\",\"urlTemplate\":\"https:\/\/fefig.org.br\/culturando\/?s={search_term_string}\"},\"query-input\":{\"@type\":\"PropertyValueSpecification\",\"valueRequired\":true,\"valueName\":\"search_term_string\"}}],\"inLanguage\":\"pt-BR\"}]}<\/script>\n<!-- \/ Yoast SEO plugin. -->","yoast_head_json":{"title":"Culturando a Alfabetiza\u00e7\u00e3o","description":"Conhe\u00e7a tudo sobre o projeto Culturando a Alfabetiza\u00e7\u00e3o e tamb\u00e9m como participar. Saiba como ser um agente transformador da educa\u00e7\u00e3o.","robots":{"index":"index","follow":"follow","max-snippet":"max-snippet:-1","max-image-preview":"max-image-preview:large","max-video-preview":"max-video-preview:-1"},"canonical":"https:\/\/fefig.org.br\/culturando\/culturando-a-alfabetizacao\/","og_locale":"pt_BR","og_type":"article","og_title":"Culturando a Alfabetiza\u00e7\u00e3o","og_description":"Conhe\u00e7a tudo sobre o projeto Culturando a Alfabetiza\u00e7\u00e3o e tamb\u00e9m como participar. Saiba como ser um agente transformador da educa\u00e7\u00e3o.","og_url":"https:\/\/fefig.org.br\/culturando\/culturando-a-alfabetizacao\/","og_site_name":"Fefig Culturando a Alfabetiza\u00e7\u00e3o","article_modified_time":"2025-10-10T16:25:53+00:00","og_image":[{"url":"https:\/\/fefig.org.br\/culturando\/wp-content\/uploads\/2025\/07\/Mandala_fefig_Verde_RGB.svg","type":"","width":"","height":""}],"twitter_card":"summary_large_image","twitter_misc":{"Est. tempo de leitura":"2 minutos"},"schema":{"@context":"https:\/\/schema.org","@graph":[{"@type":"WebPage","@id":"https:\/\/fefig.org.br\/culturando\/culturando-a-alfabetizacao\/","url":"https:\/\/fefig.org.br\/culturando\/culturando-a-alfabetizacao\/","name":"Culturando a Alfabetiza\u00e7\u00e3o","isPartOf":{"@id":"https:\/\/fefig.org.br\/culturando\/#website"},"primaryImageOfPage":{"@id":"https:\/\/fefig.org.br\/culturando\/culturando-a-alfabetizacao\/#primaryimage"},"image":{"@id":"https:\/\/fefig.org.br\/culturando\/culturando-a-alfabetizacao\/#primaryimage"},"thumbnailUrl":"https:\/\/fefig.org.br\/culturando\/wp-content\/uploads\/2025\/07\/Mandala_fefig_Verde_RGB.svg","datePublished":"2025-07-27T13:26:15+00:00","dateModified":"2025-10-10T16:25:53+00:00","description":"Conhe\u00e7a tudo sobre o projeto Culturando a Alfabetiza\u00e7\u00e3o e tamb\u00e9m como participar. Saiba como ser um agente transformador da educa\u00e7\u00e3o.","breadcrumb":{"@id":"https:\/\/fefig.org.br\/culturando\/culturando-a-alfabetizacao\/#breadcrumb"},"inLanguage":"pt-BR","potentialAction":[{"@type":"ReadAction","target":["https:\/\/fefig.org.br\/culturando\/culturando-a-alfabetizacao\/"]}]},{"@type":"ImageObject","inLanguage":"pt-BR","@id":"https:\/\/fefig.org.br\/culturando\/culturando-a-alfabetizacao\/#primaryimage","url":"https:\/\/fefig.org.br\/culturando\/wp-content\/uploads\/2025\/07\/Mandala_fefig_Verde_RGB.svg","contentUrl":"https:\/\/fefig.org.br\/culturando\/wp-content\/uploads\/2025\/07\/Mandala_fefig_Verde_RGB.svg","width":1000,"height":950},{"@type":"BreadcrumbList","@id":"https:\/\/fefig.org.br\/culturando\/culturando-a-alfabetizacao\/#breadcrumb","itemListElement":[{"@type":"ListItem","position":1,"name":"In\u00edcio","item":"https:\/\/fefig.org.br\/culturando\/"},{"@type":"ListItem","position":2,"name":"Culturando a Alfabetiza\u00e7\u00e3o"}]},{"@type":"WebSite","@id":"https:\/\/fefig.org.br\/culturando\/#website","url":"https:\/\/fefig.org.br\/culturando\/","name":"Fefig Culturando a Alfabetiza\u00e7\u00e3o","description":"Para fazer a educa\u00e7\u00e3o acontecer","potentialAction":[{"@type":"SearchAction","target":{"@type":"EntryPoint","urlTemplate":"https:\/\/fefig.org.br\/culturando\/?s={search_term_string}"},"query-input":{"@type":"PropertyValueSpecification","valueRequired":true,"valueName":"search_term_string"}}],"inLanguage":"pt-BR"}]}},"_links":{"self":[{"href":"https:\/\/fefig.org.br\/culturando\/wp-json\/wp\/v2\/pages\/215","targetHints":{"allow":["GET"]}}],"collection":[{"href":"https:\/\/fefig.org.br\/culturando\/wp-json\/wp\/v2\/pages"}],"about":[{"href":"https:\/\/fefig.org.br\/culturando\/wp-json\/wp\/v2\/types\/page"}],"author":[{"embeddable":true,"href":"https:\/\/fefig.org.br\/culturando\/wp-json\/wp\/v2\/users\/1"}],"replies":[{"embeddable":true,"href":"https:\/\/fefig.org.br\/culturando\/wp-json\/wp\/v2\/comments?post=215"}],"version-history":[{"count":101,"href":"https:\/\/fefig.org.br\/culturando\/wp-json\/wp\/v2\/pages\/215\/revisions"}],"predecessor-version":[{"id":665,"href":"https:\/\/fefig.org.br\/culturando\/wp-json\/wp\/v2\/pages\/215\/revisions\/665"}],"wp:attachment":[{"href":"https:\/\/fefig.org.br\/culturando\/wp-json\/wp\/v2\/media?parent=215"}],"curies":[{"name":"wp","href":"https:\/\/api.w.org\/{rel}","templated":true}]}}